{"id":41583,"date":"2025-05-10T18:34:25","date_gmt":"2025-05-10T18:34:25","guid":{"rendered":"https:\/\/greensystems.lv\/downloads\/"},"modified":"2025-10-01T15:32:16","modified_gmt":"2025-10-01T15:32:16","slug":"broschure-herunterladen","status":"publish","type":"page","link":"https:\/\/greensystems.lv\/de\/broschure-herunterladen\/","title":{"rendered":"Downloads"},"content":{"rendered":"\t\t<div data-elementor-type=\"wp-page\" data-elementor-id=\"41583\" class=\"elementor elementor-41583 elementor-38820\">\n\t\t\t\t<div class=\"elementor-element elementor-element-3e60a95 e-con-full e-flex e-con e-parent\" data-id=\"3e60a95\" data-element_type=\"container\" data-e-type=\"container\">\n\t\t\t\t<div class=\"elementor-element elementor-element-0e74f35 bdt-ps-image-match-height--yes elementor-widget elementor-widget-prime-slider-sequester\" data-id=\"0e74f35\" data-element_type=\"widget\" data-e-type=\"widget\" data-widget_type=\"prime-slider-sequester.default\">\n\t\t\t\t<div class=\"elementor-widget-container\">\n\t\t\t\t\t\t\t<div class=\"bdt-prime-slider\">\n\t\t\t<div class=\"bdt-prime-slider-sequester\">\n\t\t\t\t<div class=\"bdt-position-relative bdt-visible-toggle\" data-settings=\"{&quot;id&quot;:&quot;#bdt-0e74f35&quot;,&quot;animation_status&quot;:&quot;no&quot;}\" id=\"bdt-0e74f35\" bdt-slideshow=\"{&quot;animation&quot;:&quot;fade&quot;,&quot;ratio&quot;:&quot;16:9&quot;,&quot;min-height&quot;:&quot;540&quot;,&quot;autoplay&quot;:true,&quot;autoplay-interval&quot;:7000,&quot;pause-on-hover&quot;:true,&quot;velocity&quot;:1,&quot;finite&quot;:false}\">\n\t\t\t\t\t<ul class=\"bdt-slideshow-items\">\n\t\t\t\t\t\t\n            <li class=\"bdt-slideshow-item bdt-flex bdt-flex-row bdt-flex-middle elementor-repeater-item-0802174 \">\n\n                    \n\t\t<div class=\"bdt-prime-slider-content\">\n\t\t\t<div class=\"bdt-prime-slider-desc\">\n\n\t\t\t\t\t\t\t\t\t<div class=\"bdt-sub-title\">\n\t\t\t\t\t\t<h4 class=\"bdt-sub-title-inner\" data-bdt-slideshow-parallax=\"y: 50,0,-50; opacity: 1,1,0\" data-reveal=\"reveal-active\">\n\t\t\t\t\t\t\tInhalt dieser Brosch\u00fcre\t\t\t\t\t\t<\/h4>\n\t\t\t\t\t<\/div>\n\t\t\t\t\n\t\t\t\t\t\t\t\t\t<div class=\"bdt-main-title\">\n\t\t\t\t\t\t<h1 class=\"bdt-title-tag\" data-bdt-slideshow-parallax=\"y: 50,0,-50; opacity: 1,1,0\" data-reveal=\"reveal-active\">\n\t\t\t\t\t\t\t\t\t\t\t\t\t\t\t<span class=\"frist-word\">Green<\/span> Energy Systems\t\t\t\t\t\t\t\t\t\t\t\t\t\t<\/h1>\n\t\t\t\t\t<\/div>\n\t\t\t\t\n\t\t\t\t\t\t\t\t\t<div class=\"bdt-slider-excerpt\" data-bdt-slideshow-parallax=\"y: 50,0,-50; opacity: 1,1,0\" data-reveal=\"reveal-active\">\n\t\t\t\t\t\t<p class=\"\" data-start=\"735\" data-end=\"892\">Ein kurzer Leitfaden zu unserem Angebot \u2013 Trockner, F\u00f6rderanlagen, Rohrleitungen, Heizsysteme und mehr. Alles ma\u00dfgeschneidert f\u00fcr Ihr Projekt.<\/p>\t\t\t\t\t<\/div>\n\t\t\t\t\n\t\t\t\t<div class=\"bdt-button-wrapper\" data-bdt-slideshow-parallax=\"y: 150,0,-100; opacity: 1,1,0\">\n\t\t\t\t\t\n\t\t\n\t\t\t<a class=\"bdt-slide-btn\" data-reveal=\"reveal-active\" aria-label=\"PDF herunterladen Button\" href=\"https:\/\/greensystems.lv\/wp-content\/uploads\/2025\/05\/GES-leaflets-1.pdf\" target=\"_blank\">\n\n\t\t\t\t\t\t\t\t<span class=\"bdt-prime-slider-button-wrapper\">\n\n\t\t\t\t\t<span class=\"bdt-prime-slider-button-text bdt-flex bdt-flex-middle bdt-flex-inline\">PDF herunterladen<span class=\"bdt-slide-btn-icon\"><svg width=\"20\" height=\"20\" viewBox=\"0 0 20 20\" xmlns=\"http:\/\/www.w3.org\/2000\/svg\" data-svg=\"arrow-right\"><polyline fill=\"none\" stroke=\"#000\" points=\"10 5 15 9.5 10 14\"><\/polyline><line fill=\"none\" stroke=\"#000\" x1=\"4\" y1=\"9.5\" x2=\"15\" y2=\"9.5\"><\/line><\/svg><\/span><\/span>\n\n\t\t\t\t<\/span>\n\n\n\t\t\t<\/a>\n\t\t\t\t\t\t<\/div>\n\t\t\t\t\n\t\t\t<\/div>\n\t\t<\/div>\n\n        \n                    <div class=\"bdt-slide-image\" style=\"background-image: url('https:\/\/greensystems.lv\/wp-content\/uploads\/2025\/05\/3.webp');\">\n                        \n                    <\/div>\n            <\/li>\n\n        \n            <li class=\"bdt-slideshow-item bdt-flex bdt-flex-row bdt-flex-middle elementor-repeater-item-015bcbf \">\n\n                    \n\t\t<div class=\"bdt-prime-slider-content\">\n\t\t\t<div class=\"bdt-prime-slider-desc\">\n\n\t\t\t\t\t\t\t\t\t<div class=\"bdt-sub-title\">\n\t\t\t\t\t\t<h4 class=\"bdt-sub-title-inner\" data-bdt-slideshow-parallax=\"y: 50,0,-50; opacity: 1,1,0\" data-reveal=\"reveal-active\">\n\t\t\t\t\t\t\tInhalt dieser Brosch\u00fcre\t\t\t\t\t\t<\/h4>\n\t\t\t\t\t<\/div>\n\t\t\t\t\n\t\t\t\t\t\t\t\t\t<div class=\"bdt-main-title\">\n\t\t\t\t\t\t<h1 class=\"bdt-title-tag\" data-bdt-slideshow-parallax=\"y: 50,0,-50; opacity: 1,1,0\" data-reveal=\"reveal-active\">\n\t\t\t\t\t\t\t\t\t\t\t\t\t\t\t<span class=\"frist-word\">F\u00f6rdertechnik<\/span> \t\t\t\t\t\t\t\t\t\t\t\t\t\t<\/h1>\n\t\t\t\t\t<\/div>\n\t\t\t\t\n\t\t\t\t\t\t\t\t\t<div class=\"bdt-slider-excerpt\" data-bdt-slideshow-parallax=\"y: 50,0,-50; opacity: 1,1,0\" data-reveal=\"reveal-active\">\n\t\t\t\t\t\t<p>\u00dcberblick \u00fcber die Sch\u00fcttguthandhabungsl\u00f6sungen von Green Energy Systems \u2013 F\u00f6rderer, Bunker und Schubb\u00f6den, entwickelt f\u00fcr den industriellen Einsatz.<\/p>\t\t\t\t\t<\/div>\n\t\t\t\t\n\t\t\t\t<div class=\"bdt-button-wrapper\" data-bdt-slideshow-parallax=\"y: 150,0,-100; opacity: 1,1,0\">\n\t\t\t\t\t\n\t\t\n\t\t\t<a class=\"bdt-slide-btn\" data-reveal=\"reveal-active\" aria-label=\"PDF herunterladen Button\" href=\"https:\/\/greensystems.lv\/wp-content\/uploads\/2025\/05\/Konvejeri-Green-Energy-Systems.pdf\" target=\"_blank\">\n\n\t\t\t\t\t\t\t\t<span class=\"bdt-prime-slider-button-wrapper\">\n\n\t\t\t\t\t<span class=\"bdt-prime-slider-button-text bdt-flex bdt-flex-middle bdt-flex-inline\">PDF herunterladen<span class=\"bdt-slide-btn-icon\"><svg width=\"20\" height=\"20\" viewBox=\"0 0 20 20\" xmlns=\"http:\/\/www.w3.org\/2000\/svg\" data-svg=\"arrow-right\"><polyline fill=\"none\" stroke=\"#000\" points=\"10 5 15 9.5 10 14\"><\/polyline><line fill=\"none\" stroke=\"#000\" x1=\"4\" y1=\"9.5\" x2=\"15\" y2=\"9.5\"><\/line><\/svg><\/span><\/span>\n\n\t\t\t\t<\/span>\n\n\n\t\t\t<\/a>\n\t\t\t\t\t\t<\/div>\n\t\t\t\t\n\t\t\t<\/div>\n\t\t<\/div>\n\n        \n                    <div class=\"bdt-slide-image\" style=\"background-image: url('https:\/\/greensystems.lv\/wp-content\/uploads\/2025\/05\/2.jpg');\">\n                        \n                    <\/div>\n            <\/li>\n\n        \n            <li class=\"bdt-slideshow-item bdt-flex bdt-flex-row bdt-flex-middle elementor-repeater-item-44daca1 \">\n\n                    \n\t\t<div class=\"bdt-prime-slider-content\">\n\t\t\t<div class=\"bdt-prime-slider-desc\">\n\n\t\t\t\t\t\t\t\t\t<div class=\"bdt-sub-title\">\n\t\t\t\t\t\t<h4 class=\"bdt-sub-title-inner\" data-bdt-slideshow-parallax=\"y: 50,0,-50; opacity: 1,1,0\" data-reveal=\"reveal-active\">\n\t\t\t\t\t\t\tInhalt dieser Brosch\u00fcre\t\t\t\t\t\t<\/h4>\n\t\t\t\t\t<\/div>\n\t\t\t\t\n\t\t\t\t\t\t\t\t\t<div class=\"bdt-main-title\">\n\t\t\t\t\t\t<h1 class=\"bdt-title-tag\" data-bdt-slideshow-parallax=\"y: 50,0,-50; opacity: 1,1,0\" data-reveal=\"reveal-active\">\n\t\t\t\t\t\t\t\t\t\t\t\t\t\t\t<span class=\"frist-word\">Metallbearbeitung<\/span> \t\t\t\t\t\t\t\t\t\t\t\t\t\t<\/h1>\n\t\t\t\t\t<\/div>\n\t\t\t\t\n\t\t\t\t\t\t\t\t\t<div class=\"bdt-slider-excerpt\" data-bdt-slideshow-parallax=\"y: 50,0,-50; opacity: 1,1,0\" data-reveal=\"reveal-active\">\n\t\t\t\t\t\t<p data-start=\"459\" data-end=\"648\">\u00dcberblick \u00fcber unsere Produktion von Stahlkomponenten und unsere Metallbearbeitungsleistungen \u2013 einschlie\u00dflich Schneiden, Biegen, Schwei\u00dfen, Zerspanen und Montage.<\/p>\t\t\t\t\t<\/div>\n\t\t\t\t\n\t\t\t\t<div class=\"bdt-button-wrapper\" data-bdt-slideshow-parallax=\"y: 150,0,-100; opacity: 1,1,0\">\n\t\t\t\t\t\n\t\t\n\t\t\t<a class=\"bdt-slide-btn\" data-reveal=\"reveal-active\" aria-label=\"PDF herunterladen Button\" href=\"https:\/\/greensystems.lv\/wp-content\/uploads\/2025\/05\/Steel-components.pdf\" target=\"_blank\">\n\n\t\t\t\t\t\t\t\t<span class=\"bdt-prime-slider-button-wrapper\">\n\n\t\t\t\t\t<span class=\"bdt-prime-slider-button-text bdt-flex bdt-flex-middle bdt-flex-inline\">PDF herunterladen<span class=\"bdt-slide-btn-icon\"><svg width=\"20\" height=\"20\" viewBox=\"0 0 20 20\" xmlns=\"http:\/\/www.w3.org\/2000\/svg\" data-svg=\"arrow-right\"><polyline fill=\"none\" stroke=\"#000\" points=\"10 5 15 9.5 10 14\"><\/polyline><line fill=\"none\" stroke=\"#000\" x1=\"4\" y1=\"9.5\" x2=\"15\" y2=\"9.5\"><\/line><\/svg><\/span><\/span>\n\n\t\t\t\t<\/span>\n\n\n\t\t\t<\/a>\n\t\t\t\t\t\t<\/div>\n\t\t\t\t\n\t\t\t<\/div>\n\t\t<\/div>\n\n        \n                    <div class=\"bdt-slide-image\" style=\"background-image: url('https:\/\/greensystems.lv\/wp-content\/uploads\/2025\/05\/1.jpg');\">\n                        \n                    <\/div>\n            <\/li>\n\n        \n                <\/ul>\n\n                \n\t\t\t\t<div class=\"bdt-navigation-arrows reveal-muted\">\n\t\t\t<a class=\"bdt-prime-slider-previous\" href=\"#\" bdt-slidenav-previous bdt-slideshow-item=\"previous\"><\/a>\n\t\t\t<a class=\"bdt-prime-slider-next\" href=\"#\" bdt-slidenav-next bdt-slideshow-item=\"next\"><\/a>\n\t\t<\/div>\n\t\t\n\t\t                \n        \n\t\t\t<ul class=\"bdt-slideshow-nav bdt-dotnav reveal-muted\"><\/ul>\n\n        \n        \t\t\t\t\n\t\t\t<\/div>\n\t\t\t\t\t<\/div>\n\t\t<\/div>\n        \t\t\t\t<\/div>\n\t\t\t\t<\/div>\n\t\t\t\t<\/div>\n\t\t<div class=\"elementor-element elementor-element-4c18b59 e-flex e-con-boxed e-con e-parent\" data-id=\"4c18b59\" data-element_type=\"container\" data-e-type=\"container\">\n\t\t\t\t\t<div class=\"e-con-inner\">\n\t\t\t\t\t<\/div>\n\t\t\t\t<\/div>\n\t\t<div class=\"elementor-element elementor-element-71c40c1 e-flex e-con-boxed e-con e-parent\" data-id=\"71c40c1\" data-element_type=\"container\" data-e-type=\"container\" data-settings=\"{&quot;background_background&quot;:&quot;classic&quot;}\">\n\t\t\t\t\t<div class=\"e-con-inner\">\n\t\t<div class=\"elementor-element elementor-element-a7221d7 e-con-full e-flex e-con e-child\" data-id=\"a7221d7\" data-element_type=\"container\" data-e-type=\"container\">\n\t\t<div class=\"elementor-element elementor-element-ac732cf e-con-full e-flex e-con e-child\" data-id=\"ac732cf\" data-element_type=\"container\" data-e-type=\"container\">\n\t\t\t\t<div class=\"elementor-element elementor-element-f8222fe elementor-invisible elementor-widget elementor-widget-qi_addons_for_elementor_animated_text\" data-id=\"f8222fe\" data-element_type=\"widget\" data-e-type=\"widget\" data-settings=\"{&quot;_animation&quot;:&quot;fadeIn&quot;}\" data-widget_type=\"qi_addons_for_elementor_animated_text.default\">\n\t\t\t\t<div class=\"elementor-widget-container\">\n\t\t\t\t\t<div class=\"qodef-shortcode qodef-m qodef-qi-animated-text qodef--animated-by-letter qodef--alignment-center qodef-qi--has-appear qodef--appear-fade\" >\n\t\t<h1 class=\"qodef-m-title\">\n\t\t<span class=\"qodef-e-word-holder\">Haben<\/span> <span class=\"qodef-e-word-holder\">Sie<\/span> <span class=\"qodef-e-word-holder\">Fragen?<\/span>\t<\/h1>\n<\/div>\n\t\t\t\t<\/div>\n\t\t\t\t<\/div>\n\t\t\t\t<\/div>\n\t\t<div class=\"elementor-element elementor-element-10ce208 e-con-full e-flex e-con e-child\" data-id=\"10ce208\" data-element_type=\"container\" data-e-type=\"container\">\n\t\t\t\t<div class=\"elementor-element elementor-element-e1446a1 -text-faded elementor-view-default elementor-invisible elementor-widget elementor-widget-icon\" data-id=\"e1446a1\" data-element_type=\"widget\" data-e-type=\"widget\" data-settings=\"{&quot;_animation&quot;:&quot;flash&quot;}\" data-widget_type=\"icon.default\">\n\t\t\t\t<div class=\"elementor-widget-container\">\n\t\t\t\t\t\t\t<div class=\"elementor-icon-wrapper\">\n\t\t\t<div class=\"elementor-icon\">\n\t\t\t\t\t\t<\/div>\n\t\t<\/div>\n\t\t\t\t\t\t<\/div>\n\t\t\t\t<\/div>\n\t\t\t\t<div class=\"elementor-element elementor-element-c69b7e6 elementor-invisible elementor-widget elementor-widget-qi_addons_for_elementor_button\" data-id=\"c69b7e6\" data-element_type=\"widget\" data-e-type=\"widget\" data-settings=\"{&quot;_animation&quot;:&quot;fadeIn&quot;}\" data-widget_type=\"qi_addons_for_elementor_button.default\">\n\t\t\t\t<div class=\"elementor-widget-container\">\n\t\t\t\t\t<a class=\"qodef-shortcode qodef-m qodef-qi-button qodef-html--link qodef-layout--outlined qodef-type--standard qodef-size--small qodef-icon--right qodef-hover--icon-move-horizontal-short\" href=\"https:\/\/greensystems.lv\/de\/kontakt-green-energy-systems\/\" target=\"_self\">\n\t<span class=\"qodef-m-text\">Kontaktieren Sie uns<\/span>\n\t\t<span class=\"qodef-m-icon\">\n\t\t<span class=\"qodef-m-icon-inner\">\n\t\t\t<i aria-hidden=\"true\" class=\" bi-arrow-right-short\"><\/i>\t\t\t\t\t<\/span>\n\t<\/span>\n<\/a>\n\t\t\t\t<\/div>\n\t\t\t\t<\/div>\n\t\t\t\t<\/div>\n\t\t\t\t<\/div>\n\t\t\t\t\t<\/div>\n\t\t\t\t<\/div>\n\t\t<div class=\"elementor-element elementor-element-460ccea e-flex e-con-boxed e-con e-parent\" data-id=\"460ccea\" data-element_type=\"container\" data-e-type=\"container\">\n\t\t\t\t\t<div class=\"e-con-inner\">\n\t\t\t\t<div class=\"elementor-element elementor-element-19003b2 elementor-widget elementor-widget-html\" data-id=\"19003b2\" data-element_type=\"widget\" data-e-type=\"widget\" data-widget_type=\"html.default\">\n\t\t\t\t<div class=\"elementor-widget-container\">\n\t\t\t\t\t<script>\r\ndocument.addEventListener(\"DOMContentLoaded\", function() {\r\n  const lazyImages = document.querySelectorAll('img[data-src]');\r\n  const config = {\r\n    rootMargin: '100px 0px',\r\n    threshold: 0.1\r\n  };\r\n\r\n  let observer = new IntersectionObserver((entries, observer) => {\r\n    entries.forEach(entry => {\r\n      if(entry.isIntersecting) {\r\n        const img = entry.target;\r\n        img.src = img.dataset.src;\r\n        img.removeAttribute('data-src');\r\n        observer.unobserve(img);\r\n      }\r\n    });\r\n  }, config);\r\n\r\n  lazyImages.forEach(img => {\r\n    observer.observe(img);\r\n  });\r\n});\r\n<\/script>\r\n\t\t\t\t<\/div>\n\t\t\t\t<\/div>\n\t\t\t\t\t<\/div>\n\t\t\t\t<\/div>\n\t\t\t\t<\/div>\n\t\t","protected":false},"excerpt":{"rendered":"<p>Inhalt dieser Brosch\u00fcre Green Energy Systems Ein kurzer Leitfaden zu unserem Angebot \u2013 Trockner, F\u00f6rderanlagen, Rohrleitungen, Heizsysteme und mehr. Alles ma\u00dfgeschneidert f\u00fcr Ihr Projekt. PDF herunterladen Inhalt dieser Brosch\u00fcre F\u00f6rdertechnik \u00dcberblick \u00fcber die Sch\u00fcttguthandhabungsl\u00f6sungen von Green Energy Systems \u2013 F\u00f6rderer, Bunker und Schubb\u00f6den, entwickelt f\u00fcr den industriellen Einsatz. PDF herunterladen Inhalt dieser Brosch\u00fcre Metallbearbeitung \u00dcberblick \u00fcber unsere Produktion von Stahlkomponenten und unsere Metallbearbeitungsleistungen \u2013 einschlie\u00dflich&#8230; <\/p>\n<p class=\"more\"><a class=\"more-link\" href=\"https:\/\/greensystems.lv\/de\/broschure-herunterladen\/\">Read More<\/a><\/p>\n","protected":false},"author":1,"featured_media":0,"parent":0,"menu_order":0,"comment_status":"closed","ping_status":"closed","template":"","meta":{"inline_featured_image":false,"footnotes":""},"class_list":["post-41583","page","type-page","status-publish","hentry","is-cat-link-borders-light is-cat-link-rounded"],"_links":{"self":[{"href":"https:\/\/greensystems.lv\/de\/wp-json\/wp\/v2\/pages\/41583","targetHints":{"allow":["GET"]}}],"collection":[{"href":"https:\/\/greensystems.lv\/de\/wp-json\/wp\/v2\/pages"}],"about":[{"href":"https:\/\/greensystems.lv\/de\/wp-json\/wp\/v2\/types\/page"}],"author":[{"embeddable":true,"href":"https:\/\/greensystems.lv\/de\/wp-json\/wp\/v2\/users\/1"}],"replies":[{"embeddable":true,"href":"https:\/\/greensystems.lv\/de\/wp-json\/wp\/v2\/comments?post=41583"}],"version-history":[{"count":0,"href":"https:\/\/greensystems.lv\/de\/wp-json\/wp\/v2\/pages\/41583\/revisions"}],"wp:attachment":[{"href":"https:\/\/greensystems.lv\/de\/wp-json\/wp\/v2\/media?parent=41583"}],"curies":[{"name":"wp","href":"https:\/\/api.w.org\/{rel}","templated":true}]}}